{"id":372,"date":"2024-02-05T16:35:29","date_gmt":"2024-02-05T16:35:29","guid":{"rendered":"http:\/\/www.trimar.it\/?page_id=372"},"modified":"2024-02-05T16:35:29","modified_gmt":"2024-02-05T16:35:29","slug":"condizioni-di-contratto","status":"publish","type":"page","link":"https:\/\/www.trimar.it\/index.php\/condizioni-di-contratto\/","title":{"rendered":"Condizioni di Contratto"},"content":{"rendered":"<p><div class=\"fusion-fullwidth fullwidth-box fusion-builder-row-1 fusion-flex-container has-pattern-background has-mask-background nonhundred-percent-fullwidth non-hundred-percent-height-scrolling\" style=\"--awb-background-position:left center;--awb-background-blend-mode-small:screen;--awb-border-radius-top-left:0px;--awb-border-radius-top-right:0px;--awb-border-radius-bottom-right:0px;--awb-border-radius-bottom-left:0px;--awb-padding-top:100px;--awb-padding-right:7%;--awb-padding-bottom:100px;--awb-padding-left:7%;--awb-padding-top-small:90px;--awb-margin-top:0px;--awb-background-color:var(--awb-color5);--awb-background-image-small:linear-gradient(90deg, rgba(255,255,255,0.7) 20%,rgba(255,255,255,0.7) 100%),url(http:\/\/test.trimar.it\/wp-content\/uploads\/2024\/02\/soluzioni-trimar-800x442.jpg);;--awb-background-image:linear-gradient(90deg, rgba(255,255,255,0.7) 20%,rgba(255,255,255,0.7) 100%);--awb-flex-wrap:wrap;\" ><div class=\"fusion-builder-row fusion-row fusion-flex-align-items-stretch fusion-flex-justify-content-center fusion-flex-content-wrap\" style=\"max-width:1716px;margin-left: calc(-4% \/ 2 );margin-right: calc(-4% \/ 2 );\"><div class=\"fusion-layout-column fusion_builder_column fusion-builder-column-0 fusion_builder_column_1_1 1_1 fusion-flex-column fusion-animated\" style=\"--awb-padding-top:0%;--awb-padding-bottom:0%;--awb-bg-size:cover;--awb-width-large:100%;--awb-margin-top-large:0px;--awb-spacing-right-large:1.92%;--awb-margin-bottom-large:0px;--awb-spacing-left-large:1.92%;--awb-width-medium:80%;--awb-order-medium:0;--awb-spacing-right-medium:2.4%;--awb-spacing-left-medium:2.4%;--awb-width-small:100%;--awb-order-small:0;--awb-spacing-right-small:1.92%;--awb-spacing-left-small:1.92%;\" data-animationType=\"fadeInUp\" data-animationDuration=\"1.0\" data-animationOffset=\"top-into-view\"><div class=\"fusion-column-wrapper fusion-column-has-shadow fusion-flex-justify-content-flex-start fusion-content-layout-column\"><div class=\"fusion-title title fusion-title-1 fusion-sep-none fusion-title-center fusion-title-text fusion-title-size-one\" style=\"--awb-text-color:var(--awb-color3);--awb-margin-top:0px;--awb-margin-bottom:10px;--awb-margin-top-small:0px;--awb-margin-bottom-small:20px;\"><h1 class=\"fusion-title-heading title-heading-center fusion-responsive-typography-calculated\" style=\"margin:0;--fontSize:60;line-height:var(--awb-typography1-line-height);\">Condizioni di Contratto<\/h1><\/div><\/div><\/div><\/div><\/div><div class=\"fusion-fullwidth fullwidth-box fusion-builder-row-2 fusion-flex-container has-pattern-background has-mask-background nonhundred-percent-fullwidth non-hundred-percent-height-scrolling\" style=\"--awb-border-radius-top-left:0px;--awb-border-radius-top-right:0px;--awb-border-radius-bottom-right:0px;--awb-border-radius-bottom-left:0px;--awb-padding-top:100px;--awb-padding-right:14%;--awb-padding-bottom:100px;--awb-padding-left:14%;--awb-padding-right-medium:7%;--awb-padding-left-medium:7%;--awb-padding-top-small:50px;--awb-padding-right-small:30px;--awb-padding-bottom-small:50px;--awb-padding-left-small:30px;--awb-flex-wrap:wrap;\" ><div class=\"fusion-builder-row fusion-row fusion-flex-align-items-flex-start fusion-flex-content-wrap\" style=\"max-width:1716px;margin-left: calc(-4% \/ 2 );margin-right: calc(-4% \/ 2 );\"><div class=\"fusion-layout-column fusion_builder_column fusion-builder-column-1 fusion_builder_column_1_1 1_1 fusion-flex-column\" style=\"--awb-bg-size:cover;--awb-width-large:100%;--awb-margin-top-large:0px;--awb-spacing-right-large:1.92%;--awb-margin-bottom-large:0px;--awb-spacing-left-large:1.92%;--awb-width-medium:100%;--awb-order-medium:0;--awb-spacing-right-medium:1.92%;--awb-spacing-left-medium:1.92%;--awb-width-small:100%;--awb-order-small:0;--awb-spacing-right-small:1.92%;--awb-spacing-left-small:1.92%;\"><div class=\"fusion-column-wrapper fusion-column-has-shadow fusion-flex-justify-content-flex-start fusion-content-layout-column\"><div class=\"fusion-text fusion-text-1 fusion-text-no-margin\" style=\"--awb-margin-bottom:0px;\"><p>La Trimar \u00e8 uno spedizioniere internazionale semplice, intermediario tra preponente e vettore\/i. Nel caso di accettazione e prenotazione da parte del preponente, la Trimar agisce come suo mandatario nei confronti dei vettori e la sua attivit\u00e0 \u00e8 regolata dal contratto di spedizione ex art. 1737 CC e segg. La Trimar non esegue il trasporto, n\u00e9 con mezzi e strutture propri n\u00e9 con altrui. La Trimar non \u00e8 un vettore e organizza esclusivamente il trasporto in nome e per conto del mandante.<\/p>\n<p>Trimar is a simple international freight forwarder, acting between principal and carrier\/s. If the principal accepts and books the transport, Trimar acts as his agent towards the carriers and Trimar\u2019s activity is regulated by the Forwarding Contract as referred to in art. 1737 and following articles of the Italian Civil Code. Trimar is not a carrier and organizes the transport in the name and on behalf of the principal. Trimar organizes but does not perform the transport.<\/p>\n<p>Ai sensi del Reg.UE 679\/2016 si precisa che le informazioni contenute in questo messaggio sono riservate ed a uso esclusivo del destinatario. Qualora il messaggio in parola Le fosse pervenuto per errore, La invitiamo ad eliminarlo senza copiarlo e a non inoltrarlo a terzi, dandocene gentilmente comunicazione.<br \/>\nSebbene la societ\u00e0 mittente si impegni ad assumere tutte le misure pi\u00f9 idonee per assicurare l\u2019assenza di virus all\u2019interno di eventuali allegati alla presente comunicazione e-mail, tali misure non costituiscono una garanzia assoluta e pertanto vi invitiamo a porre in essere i vostri controlli antivirus prima di aprire qualsiasi allegato. La societ\u00e0 mittente non si assume alcuna responsabilit\u00e0 per eventuali danni che potreste subire a causa di virus sul software.<\/p>\n<p>Pursuant to UE Reg. nr 679\/2016, you are hereby informed that this message contains confidential information intended solely for the person or entity to whom it is addressed. If this email was not intended for you, and you have received this message by mistake, please delete it and immediately notify us. You may not copy or disseminate this message to anyone. Thank you.<br \/>\nWhilst the sender company takes reasonable care to ensure that any attachment to this e-mail does not contain software viruses, this cannot be guaranteed and you should therefore carry out your own virus checks before opening any attachment. The sender company accepts no responsibility or liability for any damage that you may suffer as a result of software viruses.<\/p>\n<\/div><\/div><\/div><\/div><\/div><div class=\"fusion-fullwidth fullwidth-box fusion-builder-row-3 fusion-flex-container has-pattern-background has-mask-background hundred-percent-fullwidth non-hundred-percent-height-scrolling\" style=\"--awb-border-radius-top-left:0px;--awb-border-radius-top-right:0px;--awb-border-radius-bottom-right:0px;--awb-border-radius-bottom-left:0px;--awb-padding-right:0px;--awb-padding-left:0px;--awb-flex-wrap:wrap;\" ><div class=\"fusion-builder-row fusion-row fusion-flex-align-items-flex-start fusion-flex-content-wrap\" style=\"width:104% !important;max-width:104% !important;margin-left: calc(-4% \/ 2 );margin-right: calc(-4% \/ 2 );\"><div class=\"fusion-layout-column fusion_builder_column fusion-builder-column-2 fusion_builder_column_1_1 1_1 fusion-flex-column\" style=\"--awb-bg-size:cover;--awb-width-large:100%;--awb-margin-top-large:0px;--awb-spacing-right-large:1.92%;--awb-margin-bottom-large:0px;--awb-spacing-left-large:1.92%;--awb-width-medium:100%;--awb-order-medium:0;--awb-spacing-right-medium:1.92%;--awb-spacing-left-medium:1.92%;--awb-width-small:100%;--awb-order-small:0;--awb-spacing-right-small:1.92%;--awb-spacing-left-small:1.92%;\"><div class=\"fusion-column-wrapper fusion-column-has-shadow fusion-flex-justify-content-flex-start fusion-content-layout-column\"><div class=\"fusion-separator fusion-full-width-sep\" style=\"align-self: center;margin-left: auto;margin-right: auto;width:100%;\"><div class=\"fusion-separator-border sep-single sep-solid\" style=\"--awb-height:20px;--awb-amount:20px;border-color:var(--awb-color3);border-top-width:1px;\"><\/div><\/div><\/div><\/div><\/div><\/div><\/p>\n","protected":false},"excerpt":{"rendered":"","protected":false},"author":2,"featured_media":0,"parent":0,"menu_order":0,"comment_status":"closed","ping_status":"closed","template":"100-width.php","meta":{"footnotes":""},"class_list":["post-372","page","type-page","status-publish","hentry"],"yoast_head":"<!-- This site is optimized with the Yoast SEO plugin v25.8 - https:\/\/yoast.com\/wordpress\/plugins\/seo\/ -->\n<title>Condizioni di Contratto - Trimar<\/title>\n<meta name=\"robots\" content=\"index, follow, max-snippet:-1, max-image-preview:large, max-video-preview:-1\" \/>\n<link rel=\"canonical\" href=\"https:\/\/www.trimar.it\/index.php\/condizioni-di-contratto\/\" \/>\n<meta property=\"og:locale\" content=\"it_IT\" \/>\n<meta property=\"og:type\" content=\"article\" \/>\n<meta property=\"og:title\" content=\"Condizioni di Contratto - Trimar\" \/>\n<meta property=\"og:url\" content=\"https:\/\/www.trimar.it\/index.php\/condizioni-di-contratto\/\" \/>\n<meta property=\"og:site_name\" content=\"Trimar\" \/>\n<meta name=\"twitter:card\" content=\"summary_large_image\" \/>\n<meta name=\"twitter:label1\" content=\"Tempo di lettura stimato\" \/>\n\t<meta name=\"twitter:data1\" content=\"11 minuti\" \/>\n<script type=\"application\/ld+json\" class=\"yoast-schema-graph\">{\"@context\":\"https:\/\/schema.org\",\"@graph\":[{\"@type\":\"WebPage\",\"@id\":\"https:\/\/www.trimar.it\/index.php\/condizioni-di-contratto\/\",\"url\":\"https:\/\/www.trimar.it\/index.php\/condizioni-di-contratto\/\",\"name\":\"Condizioni di Contratto - Trimar\",\"isPartOf\":{\"@id\":\"https:\/\/www.trimar.it\/#website\"},\"datePublished\":\"2024-02-05T16:35:29+00:00\",\"breadcrumb\":{\"@id\":\"https:\/\/www.trimar.it\/index.php\/condizioni-di-contratto\/#breadcrumb\"},\"inLanguage\":\"it-IT\",\"potentialAction\":[{\"@type\":\"ReadAction\",\"target\":[\"https:\/\/www.trimar.it\/index.php\/condizioni-di-contratto\/\"]}]},{\"@type\":\"BreadcrumbList\",\"@id\":\"https:\/\/www.trimar.it\/index.php\/condizioni-di-contratto\/#breadcrumb\",\"itemListElement\":[{\"@type\":\"ListItem\",\"position\":1,\"name\":\"Home\",\"item\":\"https:\/\/www.trimar.it\/\"},{\"@type\":\"ListItem\",\"position\":2,\"name\":\"Condizioni di Contratto\"}]},{\"@type\":\"WebSite\",\"@id\":\"https:\/\/www.trimar.it\/#website\",\"url\":\"https:\/\/www.trimar.it\/\",\"name\":\"Trimar\",\"description\":\"\",\"publisher\":{\"@id\":\"https:\/\/www.trimar.it\/#organization\"},\"potentialAction\":[{\"@type\":\"SearchAction\",\"target\":{\"@type\":\"EntryPoint\",\"urlTemplate\":\"https:\/\/www.trimar.it\/?s={search_term_string}\"},\"query-input\":{\"@type\":\"PropertyValueSpecification\",\"valueRequired\":true,\"valueName\":\"search_term_string\"}}],\"inLanguage\":\"it-IT\"},{\"@type\":\"Organization\",\"@id\":\"https:\/\/www.trimar.it\/#organization\",\"name\":\"Trimar Srl\",\"url\":\"https:\/\/www.trimar.it\/\",\"logo\":{\"@type\":\"ImageObject\",\"inLanguage\":\"it-IT\",\"@id\":\"https:\/\/www.trimar.it\/#\/schema\/logo\/image\/\",\"url\":\"http:\/\/www.trimar.it\/wp-content\/uploads\/2024\/01\/logo-trimar.png\",\"contentUrl\":\"http:\/\/www.trimar.it\/wp-content\/uploads\/2024\/01\/logo-trimar.png\",\"width\":350,\"height\":40,\"caption\":\"Trimar Srl\"},\"image\":{\"@id\":\"https:\/\/www.trimar.it\/#\/schema\/logo\/image\/\"},\"sameAs\":[\"https:\/\/www.linkedin.com\/company\/trimar-srl\/\"]}]}<\/script>\n<!-- \/ Yoast SEO plugin. -->","yoast_head_json":{"title":"Condizioni di Contratto - Trimar","robots":{"index":"index","follow":"follow","max-snippet":"max-snippet:-1","max-image-preview":"max-image-preview:large","max-video-preview":"max-video-preview:-1"},"canonical":"https:\/\/www.trimar.it\/index.php\/condizioni-di-contratto\/","og_locale":"it_IT","og_type":"article","og_title":"Condizioni di Contratto - Trimar","og_url":"https:\/\/www.trimar.it\/index.php\/condizioni-di-contratto\/","og_site_name":"Trimar","twitter_card":"summary_large_image","twitter_misc":{"Tempo di lettura stimato":"11 minuti"},"schema":{"@context":"https:\/\/schema.org","@graph":[{"@type":"WebPage","@id":"https:\/\/www.trimar.it\/index.php\/condizioni-di-contratto\/","url":"https:\/\/www.trimar.it\/index.php\/condizioni-di-contratto\/","name":"Condizioni di Contratto - Trimar","isPartOf":{"@id":"https:\/\/www.trimar.it\/#website"},"datePublished":"2024-02-05T16:35:29+00:00","breadcrumb":{"@id":"https:\/\/www.trimar.it\/index.php\/condizioni-di-contratto\/#breadcrumb"},"inLanguage":"it-IT","potentialAction":[{"@type":"ReadAction","target":["https:\/\/www.trimar.it\/index.php\/condizioni-di-contratto\/"]}]},{"@type":"BreadcrumbList","@id":"https:\/\/www.trimar.it\/index.php\/condizioni-di-contratto\/#breadcrumb","itemListElement":[{"@type":"ListItem","position":1,"name":"Home","item":"https:\/\/www.trimar.it\/"},{"@type":"ListItem","position":2,"name":"Condizioni di Contratto"}]},{"@type":"WebSite","@id":"https:\/\/www.trimar.it\/#website","url":"https:\/\/www.trimar.it\/","name":"Trimar","description":"","publisher":{"@id":"https:\/\/www.trimar.it\/#organization"},"potentialAction":[{"@type":"SearchAction","target":{"@type":"EntryPoint","urlTemplate":"https:\/\/www.trimar.it\/?s={search_term_string}"},"query-input":{"@type":"PropertyValueSpecification","valueRequired":true,"valueName":"search_term_string"}}],"inLanguage":"it-IT"},{"@type":"Organization","@id":"https:\/\/www.trimar.it\/#organization","name":"Trimar Srl","url":"https:\/\/www.trimar.it\/","logo":{"@type":"ImageObject","inLanguage":"it-IT","@id":"https:\/\/www.trimar.it\/#\/schema\/logo\/image\/","url":"http:\/\/www.trimar.it\/wp-content\/uploads\/2024\/01\/logo-trimar.png","contentUrl":"http:\/\/www.trimar.it\/wp-content\/uploads\/2024\/01\/logo-trimar.png","width":350,"height":40,"caption":"Trimar Srl"},"image":{"@id":"https:\/\/www.trimar.it\/#\/schema\/logo\/image\/"},"sameAs":["https:\/\/www.linkedin.com\/company\/trimar-srl\/"]}]}},"_links":{"self":[{"href":"https:\/\/www.trimar.it\/index.php\/wp-json\/wp\/v2\/pages\/372","targetHints":{"allow":["GET"]}}],"collection":[{"href":"https:\/\/www.trimar.it\/index.php\/wp-json\/wp\/v2\/pages"}],"about":[{"href":"https:\/\/www.trimar.it\/index.php\/wp-json\/wp\/v2\/types\/page"}],"author":[{"embeddable":true,"href":"https:\/\/www.trimar.it\/index.php\/wp-json\/wp\/v2\/users\/2"}],"replies":[{"embeddable":true,"href":"https:\/\/www.trimar.it\/index.php\/wp-json\/wp\/v2\/comments?post=372"}],"version-history":[{"count":7,"href":"https:\/\/www.trimar.it\/index.php\/wp-json\/wp\/v2\/pages\/372\/revisions"}],"predecessor-version":[{"id":380,"href":"https:\/\/www.trimar.it\/index.php\/wp-json\/wp\/v2\/pages\/372\/revisions\/380"}],"wp:attachment":[{"href":"https:\/\/www.trimar.it\/index.php\/wp-json\/wp\/v2\/media?parent=372"}],"curies":[{"name":"wp","href":"https:\/\/api.w.org\/{rel}","templated":true}]}}